{"id":6703,"date":"2025-03-18T21:53:43","date_gmt":"2025-03-18T20:53:43","guid":{"rendered":"https:\/\/congresoiacard2026.org\/?page_id=6703"},"modified":"2025-03-26T19:14:28","modified_gmt":"2025-03-26T18:14:28","slug":"instrucciones-de-inscripcion-al-congreso","status":"publish","type":"page","link":"https:\/\/congresoiacard2026.org\/en\/instrucciones-de-inscripcion-al-congreso\/","title":{"rendered":"Instrucciones de Inscripci\u00f3n al Congreso"},"content":{"rendered":"\t\t<div data-elementor-type=\"wp-post\" data-elementor-id=\"6703\" class=\"elementor elementor-6703\">\n\t\t\t\t\t\t<section class=\"elementor-section elementor-top-section elementor-element elementor-element-b042413 elementor-section-boxed elementor-section-height-default elementor-section-height-default\" data-id=\"b042413\" data-element_type=\"section\">\n\t\t\t\t\t\t<div class=\"elementor-container elementor-column-gap-extended\">\n\t\t\t\t\t<div class=\"elementor-column elementor-col-100 elementor-top-column elementor-element elementor-element-96e548d sc_inner_width_none sc_content_align_inherit sc_layouts_column_icons_position_left\" data-id=\"96e548d\" data-element_type=\"column\">\n\t\t\t<div class=\"elementor-widget-wrap elementor-element-populated\">\n\t\t\t\t\t\t<div class=\"elementor-element elementor-element-350c3e6 animation_type_block sc_fly_static elementor-widget elementor-widget-heading\" data-id=\"350c3e6\" data-element_type=\"widget\" data-widget_type=\"heading.default\">\n\t\t\t\t<div class=\"elementor-widget-container\">\n\t\t\t\t\t<h2 class=\"elementor-heading-title elementor-size-default\">Instrucciones de inscripci\u00f3n al Congreso<\/h2>\t\t\t\t<\/div>\n\t\t\t\t<\/div>\n\t\t\t\t\t<\/div>\n\t\t<\/div>\n\t\t\t\t\t<\/div>\n\t\t<\/section>\n\t\t\t\t<section class=\"elementor-section elementor-top-section elementor-element elementor-element-f4756dc elementor-section-boxed elementor-section-height-default elementor-section-height-default\" data-id=\"f4756dc\" data-element_type=\"section\">\n\t\t\t\t\t\t<div class=\"elementor-container elementor-column-gap-extended\">\n\t\t\t\t\t<div class=\"elementor-column elementor-col-100 elementor-top-column elementor-element elementor-element-e026e1f sc_inner_width_none sc_content_align_inherit sc_layouts_column_icons_position_left\" data-id=\"e026e1f\" data-element_type=\"column\">\n\t\t\t<div class=\"elementor-widget-wrap elementor-element-populated\">\n\t\t\t\t\t\t<div class=\"elementor-element elementor-element-8c29b76 animation_type_block sc_fly_static elementor-widget elementor-widget-text-editor\" data-id=\"8c29b76\" data-element_type=\"widget\" data-widget_type=\"text-editor.default\">\n\t\t\t\t<div class=\"elementor-widget-container\">\n\t\t\t\t\t\t\t\t\t<p><strong>NOTA IMPORTANTE<\/strong><\/p><ul><li><strong>Para participar como observador en el congreso solamente es necesario pagar la cuota de inscripci\u00f3n en el mismo. Pertenecer a IACA es opcional.<\/strong><\/li><li><strong style=\"font-size: 14px;\">Para participar como expositor en el congreso se debe pagar la membres\u00eda a IACA y tambi\u00e9n la cuota de inscripci\u00f3n en el mismo. Pertenecer a IACA es imprescindible.<\/strong><\/li><\/ul><p><strong>Instrucciones para la inscripci\u00f3n en el 31\u00ba Congreso Internacional de Arqueolog\u00eda del Caribe.<\/strong><\/p><p><strong>\u00a0<\/strong><span style=\"font-size: 15px;\">Por favor, cumplimente el <a style=\"font-size: 16px; color: green;\" href=\"https:\/\/congresoiacard2026.org\/inscripcion-al-congreso\/\"><strong>formulario de inscripci\u00f3n<\/strong><\/a>\u00a0que viene anexado en esta p\u00e1gina y rem\u00edtalo junto al recibo de pago a la siguiente direcci\u00f3n:<\/span><\/p><p>Una vez que haya enviado el formulario y el recibo de pago le remitiremos un comprobante de su inscripci\u00f3n.<\/p><p>Los precios para participar en el congreso son los siguientes:<\/p><p><strong>Profesionales: 150 US$<\/strong><strong style=\"font-size: 15px;\">\u00a0<\/strong><\/p><p><strong>Estudiantes: 50 US$<\/strong><\/p><p>Los participantes que presenten ponencias deben realizar el pago anticipado para incluirlas en el Congreso antes del d\u00eda 11 de mayo de 2026. Los participantes que presenten una ponencia como autores secundarios, pueden pagar en el momento de inscribirse en el congreso o bien hacerlo con anticipaci\u00f3n cuando lo consideren oportuno.<\/p><p>La cuenta bancaria donde deben hacer el ingreso del dinero es la siguiente:<\/p><p>Si solicita la tarifa de inscripcio\u0301n para estudiantes, asegu\u0301rese de llevar consigo su tarjeta de estudiante va\u0301lida cuando recoja su paquete de inscripcio\u0301n en el Congreso.<\/p><p>Podra\u0301 pagar sus cuotas de membresi\u0301a de la IACA, asi\u0301 como donar para apoyar la participacio\u0301n de estudiantes si asi\u0301 lo desea, en efectivo o cheque durante el proceso de inscripcio\u0301n en el congreso.<\/p><p>En ning\u00fan caso se har\u00e1n descuentos a las tarifas expuestas.<\/p>\t\t\t\t\t\t\t\t<\/div>\n\t\t\t\t<\/div>\n\t\t\t\t\t<\/div>\n\t\t<\/div>\n\t\t\t\t\t<\/div>\n\t\t<\/section>\n\t\t\t\t<section class=\"elementor-section elementor-top-section elementor-element elementor-element-0b404a6 elementor-section-boxed elementor-section-height-default elementor-section-height-default\" data-id=\"0b404a6\" data-element_type=\"section\">\n\t\t\t\t\t\t<div class=\"elementor-container elementor-column-gap-extended\">\n\t\t\t\t\t<div class=\"elementor-column elementor-col-100 elementor-top-column elementor-element elementor-element-40206ce sc_inner_width_none sc_content_align_inherit sc_layouts_column_icons_position_left\" data-id=\"40206ce\" data-element_type=\"column\">\n\t\t\t<div class=\"elementor-widget-wrap elementor-element-populated\">\n\t\t\t\t\t\t<div class=\"elementor-element elementor-element-1a8011b sc_height_huge animation_type_block sc_fly_static elementor-widget elementor-widget-spacer\" data-id=\"1a8011b\" data-element_type=\"widget\" data-widget_type=\"spacer.default\">\n\t\t\t\t<div class=\"elementor-widget-container\">\n\t\t\t\t\t\t\t<div class=\"elementor-spacer\">\n\t\t\t<div class=\"elementor-spacer-inner\"><\/div>\n\t\t<\/div>\n\t\t\t\t\t\t<\/div>\n\t\t\t\t<\/div>\n\t\t\t\t\t<\/div>\n\t\t<\/div>\n\t\t\t\t\t<\/div>\n\t\t<\/section>\n\t\t\t\t<\/div>\n\t\t","protected":false},"excerpt":{"rendered":"<p>Instrucciones de inscripci\u00f3n al Congreso NOTA IMPORTANTE Para participar como observador en el congreso solamente es necesario pagar la cuota de inscripci\u00f3n en el mismo. Pertenecer a IACA es opcional. Para participar como expositor en el congreso se debe pagar la membres\u00eda a IACA y&hellip;<\/p>\n","protected":false},"author":1,"featured_media":0,"parent":0,"menu_order":0,"comment_status":"closed","ping_status":"closed","template":"","meta":{"footnotes":""},"class_list":["post-6703","page","type-page","status-publish","hentry"],"_links":{"self":[{"href":"https:\/\/congresoiacard2026.org\/en\/wp-json\/wp\/v2\/pages\/6703","targetHints":{"allow":["GET"]}}],"collection":[{"href":"https:\/\/congresoiacard2026.org\/en\/wp-json\/wp\/v2\/pages"}],"about":[{"href":"https:\/\/congresoiacard2026.org\/en\/wp-json\/wp\/v2\/types\/page"}],"author":[{"embeddable":true,"href":"https:\/\/congresoiacard2026.org\/en\/wp-json\/wp\/v2\/users\/1"}],"replies":[{"embeddable":true,"href":"https:\/\/congresoiacard2026.org\/en\/wp-json\/wp\/v2\/comments?post=6703"}],"version-history":[{"count":29,"href":"https:\/\/congresoiacard2026.org\/en\/wp-json\/wp\/v2\/pages\/6703\/revisions"}],"predecessor-version":[{"id":6868,"href":"https:\/\/congresoiacard2026.org\/en\/wp-json\/wp\/v2\/pages\/6703\/revisions\/6868"}],"wp:attachment":[{"href":"https:\/\/congresoiacard2026.org\/en\/wp-json\/wp\/v2\/media?parent=6703"}],"curies":[{"name":"wp","href":"https:\/\/api.w.org\/{rel}","templated":true}]}}