{"id":6374,"date":"2025-03-07T21:35:00","date_gmt":"2025-03-07T20:35:00","guid":{"rendered":"https:\/\/congresoiacard2026.org\/?page_id=6374"},"modified":"2025-03-26T19:16:37","modified_gmt":"2025-03-26T18:16:37","slug":"instrucciones-de-registro-ponencias","status":"publish","type":"page","link":"https:\/\/congresoiacard2026.org\/en\/instrucciones-de-registro-ponencias\/","title":{"rendered":"Instrucciones de registro de ponencias"},"content":{"rendered":"\t\t<div data-elementor-type=\"wp-post\" data-elementor-id=\"6374\" class=\"elementor elementor-6374\">\n\t\t\t\t\t\t<section class=\"elementor-section elementor-top-section elementor-element elementor-element-b042413 elementor-section-boxed elementor-section-height-default elementor-section-height-default\" data-id=\"b042413\" data-element_type=\"section\">\n\t\t\t\t\t\t<div class=\"elementor-container elementor-column-gap-extended\">\n\t\t\t\t\t<div class=\"elementor-column elementor-col-100 elementor-top-column elementor-element elementor-element-96e548d sc_inner_width_none sc_content_align_inherit sc_layouts_column_icons_position_left\" data-id=\"96e548d\" data-element_type=\"column\">\n\t\t\t<div class=\"elementor-widget-wrap elementor-element-populated\">\n\t\t\t\t\t\t<div class=\"elementor-element elementor-element-350c3e6 animation_type_block sc_fly_static elementor-widget elementor-widget-heading\" data-id=\"350c3e6\" data-element_type=\"widget\" data-widget_type=\"heading.default\">\n\t\t\t\t<div class=\"elementor-widget-container\">\n\t\t\t\t\t<h2 class=\"elementor-heading-title elementor-size-default\">Instrucciones de registro de ponencias<\/h2>\t\t\t\t<\/div>\n\t\t\t\t<\/div>\n\t\t\t\t\t<\/div>\n\t\t<\/div>\n\t\t\t\t\t<\/div>\n\t\t<\/section>\n\t\t\t\t<section class=\"elementor-section elementor-top-section elementor-element elementor-element-f4756dc elementor-section-boxed elementor-section-height-default elementor-section-height-default\" data-id=\"f4756dc\" data-element_type=\"section\">\n\t\t\t\t\t\t<div class=\"elementor-container elementor-column-gap-extended\">\n\t\t\t\t\t<div class=\"elementor-column elementor-col-100 elementor-top-column elementor-element elementor-element-e026e1f sc_inner_width_none sc_content_align_inherit sc_layouts_column_icons_position_left\" data-id=\"e026e1f\" data-element_type=\"column\">\n\t\t\t<div class=\"elementor-widget-wrap elementor-element-populated\">\n\t\t\t\t\t\t<div class=\"elementor-element elementor-element-8c29b76 animation_type_block sc_fly_static elementor-widget elementor-widget-text-editor\" data-id=\"8c29b76\" data-element_type=\"widget\" data-widget_type=\"text-editor.default\">\n\t\t\t\t<div class=\"elementor-widget-container\">\n\t\t\t\t\t\t\t\t\t<p><strong>31\u00ba Congreso Internacional de Arqueolog\u00eda del Caribe: <em>Arqueolog\u00eda, construyendo puentes a trav\u00e9s del mar Caribe<\/em>.<\/strong><\/p>\n<p>El Comit\u00e9 Organizador de la IACA \/ AIAC tiene el placer de informarles que el 31\u00ba Congreso Internacional de Arqueolog\u00eda del Caribe se celebrar\u00e1 en la Ciudad Colonial de Santo Domingo, Rep\u00fablica Dominicana, durante los d\u00edas 13 y 17 de julio de 2026. El tema del Congreso en esta ocasi\u00f3n es: <em>Arqueolog\u00eda, construyendo puentes a trav\u00e9s del mar Caribe<\/em>.<\/p>\n<p>De esta manera, invitamos a todos los miembros de IACA \/ AIAC y a los investigadores que dedican su esfuerzo a estudiar la arqueolog\u00eda del Caribe, a inscribirse en el congreso y remitirnos sus ponencias. Los trabajos, al igual que las credenciales acad\u00e9micas de sus autores, ser\u00e1n evaluados para ser incluidas en el programa del congreso. Los trabajos deben ser fruto de investigaciones acad\u00e9micas y mantener un alto nivel de calidad cient\u00edfica y podr\u00e1n ser presentadas en los idiomas espa\u00f1ol, ingl\u00e9s o franc\u00e9s. Durante las sesiones contaremos con un servicio de traducci\u00f3n simult\u00e1nea a estos tres idiomas.<\/p>\n<p>Los ponentes deber\u00e1n rellenar el formulario adjunto y enviarnos un resumen de su ponencia de un m\u00e1ximo de 200 palabras. Igualmente deber\u00e1n indicar el bloque tem\u00e1tico al que pertenece su ponencia, eligi\u00e9ndolo del listado que les presentamos seguidamente. Para inscribirse al congreso deber\u00e1n estar al d\u00eda en su pertenencia a IACA \/ AIAC o hacerse miembros de esta instituci\u00f3n.<\/p>\n<p><strong>Bloques tem\u00e1ticos del 31\u00ba Congreso Internacional de Arqueolog\u00eda del Caribe:<\/strong><strong>&nbsp;<\/strong><\/p>\n<ul>\n<li>Primeros pobladores del Caribe.<\/li>\n<li>Pueblos agricultores avanzados.<\/li>\n<li>Arqueolog\u00eda colonial y virreinal.<\/li>\n<li>Arqueolog\u00eda industrial.<\/li>\n<li>Arqueolog\u00eda de los grupos esclavizados.<\/li>\n<li>Arqueolog\u00eda subacu\u00e1tica.<\/li>\n<li>Arte rupestre.<\/li>\n<li>Arqueoastronom\u00eda.<\/li>\n<li>Mitolog\u00eda, simbolismo y tradiciones ancestrales.<\/li>\n<li>Estudios de ADN, is\u00f3topos y almidones.<\/li>\n<li>Arqueozoolog\u00eda y arqueobot\u00e1nica.<\/li>\n<li>Geoarqueolog\u00eda, cambio clim\u00e1tico y medio ambiente.<\/li>\n<li>M\u00e9todos, equipos y sistemas de apoyo a la investigaci\u00f3n arqueol\u00f3gica.<\/li>\n<li>Museograf\u00eda y puesta en uso p\u00fablico de bienes y sitios arqueol\u00f3gicos.<\/li>\n<li>Difusi\u00f3n, educaci\u00f3n y estudio acad\u00e9mico de la arqueolog\u00eda..<\/li>\n<\/ul>\n<p><strong>Remisi\u00f3n de ponencias<\/strong><\/p>\n<p>La fecha l\u00edmite para recibir las propuestas de ponencias es el 11 de mayo de 2026. Todos los resu\u0301menes sera\u0301n revisados por el Comite\u0301 Acade\u0301mico de la IACA\/AIAC y ser\u00e1n o no aceptados seg\u00fan la calidad y el contenido cienti\u0301fico del trabajo. La decisi\u00f3n sobre si su ponencia fue aceptada o rechazada, se le comunicar\u00e1 a la mayor brevedad posible y, a m\u00e1s tardar, 1 de junio de 2026.<\/p>\n<p>Las propuestas de inclusi\u00f3n ponencias en el congreso se enviar\u00e1n formato Word, con letra Times New Roman, tama\u00f1o 12, interlineado a 1,5 espacios y deben incluir lo siguiente:<\/p>\n<p>1 \u2013 Formulario de participaci\u00f3n.<\/p>\n<p>2 \u2013 T\u00edtulo de la ponencia.<\/p>\n<p>3 \u2013 Nombre y apellidos de los autores.<\/p>\n<p>4 \u2013 Filiaci\u00f3n institucional de los autores.<\/p>\n<p>5 \u2013 Resumen de la ponencia con un m\u00e1ximo de 200 palabras donde se detalle lo siguiente:<\/p>\n<ul>\n<li>Objetivo del trabajo de investigaci\u00f3n.<\/li>\n<li>Descripci\u00f3n de los procedimientos de investigaci\u00f3n empleados.<\/li>\n<li>Resumen de los resultados.<\/li>\n<li>Conclusiones del estudio.<\/li>\n<\/ul>\n<p>Se entender\u00e1 que el idioma en que est\u00e9 escrita la ponencia ser\u00e1 el que se utilizar\u00e1 para leerla en la sesi\u00f3n correspondiente del congreso.<\/p>\n<p>La documentaci\u00f3n debe enviarse a la atenci\u00f3n de Adolfo Jos\u00e9 L\u00f3pez Belando, presidente del congreso, a la siguiente direcci\u00f3n de correo electr\u00f3nico: <a href=\"mailto:info@congresoiacard2026.org\">info@congresoiacard2026.org<\/a><\/p>\n<p><strong>Condiciones y detalles para la presentaci\u00f3n de ponencias<\/strong><\/p>\n<p>Cada participante podr\u00e1 presentar una sola ponencia como primer autor, a menos que por motivos de inter\u00e9s cient\u00edfico de los trabajos, en casos excepcionales, y si hay espacio para ello en el programa o si se da la ausencia de alg\u00fan participante, el comit\u00e9 organizador del congreso permita la presentaci\u00f3n de una segunda ponencia.<\/p>\n<p>Los ponentes tendra\u0301n a su disposicio\u0301n el equipamiento audiovisual necesario para la presentacio\u0301n de sus trabajos (computadora, proyector de diapositivas). Todas las presentaciones tendra\u0301n una duracio\u0301n ma\u0301xima de 15 minutos. El texto completo de la ponencia debe ser enviado antes del 11 de mayo de 2026, vi\u0301a correo electro\u0301nico a: <a href=\"mailto:info@congresoiacard2026.org\">info@congresoiacard2026.org<\/a><\/p>\n<p>Bienvenidos a Santo Domingo<\/p>\n<p>Comit\u00e9 organizador del 31\u00ba Congreso Internacional de Arqueolog\u00eda del Caribe.<\/p>\t\t\t\t\t\t\t\t<\/div>\n\t\t\t\t<\/div>\n\t\t\t\t\t<\/div>\n\t\t<\/div>\n\t\t\t\t\t<\/div>\n\t\t<\/section>\n\t\t\t\t<section class=\"elementor-section elementor-top-section elementor-element elementor-element-0b404a6 elementor-section-boxed elementor-section-height-default elementor-section-height-default\" data-id=\"0b404a6\" data-element_type=\"section\">\n\t\t\t\t\t\t<div class=\"elementor-container elementor-column-gap-extended\">\n\t\t\t\t\t<div class=\"elementor-column elementor-col-100 elementor-top-column elementor-element elementor-element-40206ce sc_inner_width_none sc_content_align_inherit sc_layouts_column_icons_position_left\" data-id=\"40206ce\" data-element_type=\"column\">\n\t\t\t<div class=\"elementor-widget-wrap elementor-element-populated\">\n\t\t\t\t\t\t<div class=\"elementor-element elementor-element-1a8011b sc_height_huge animation_type_block sc_fly_static elementor-widget elementor-widget-spacer\" data-id=\"1a8011b\" data-element_type=\"widget\" data-widget_type=\"spacer.default\">\n\t\t\t\t<div class=\"elementor-widget-container\">\n\t\t\t\t\t\t\t<div class=\"elementor-spacer\">\n\t\t\t<div class=\"elementor-spacer-inner\"><\/div>\n\t\t<\/div>\n\t\t\t\t\t\t<\/div>\n\t\t\t\t<\/div>\n\t\t\t\t\t<\/div>\n\t\t<\/div>\n\t\t\t\t\t<\/div>\n\t\t<\/section>\n\t\t\t\t<\/div>\n\t\t","protected":false},"excerpt":{"rendered":"<p>Instrucciones de registro de ponencias 31\u00ba Congreso Internacional de Arqueolog\u00eda del Caribe: Arqueolog\u00eda, construyendo puentes a trav\u00e9s del mar Caribe. El Comit\u00e9 Organizador de la IACA \/ AIAC tiene el placer de informarles que el 31\u00ba Congreso Internacional de Arqueolog\u00eda del Caribe se celebrar\u00e1 en&hellip;<\/p>\n","protected":false},"author":1,"featured_media":0,"parent":0,"menu_order":0,"comment_status":"closed","ping_status":"closed","template":"","meta":{"footnotes":""},"class_list":["post-6374","page","type-page","status-publish","hentry"],"_links":{"self":[{"href":"https:\/\/congresoiacard2026.org\/en\/wp-json\/wp\/v2\/pages\/6374","targetHints":{"allow":["GET"]}}],"collection":[{"href":"https:\/\/congresoiacard2026.org\/en\/wp-json\/wp\/v2\/pages"}],"about":[{"href":"https:\/\/congresoiacard2026.org\/en\/wp-json\/wp\/v2\/types\/page"}],"author":[{"embeddable":true,"href":"https:\/\/congresoiacard2026.org\/en\/wp-json\/wp\/v2\/users\/1"}],"replies":[{"embeddable":true,"href":"https:\/\/congresoiacard2026.org\/en\/wp-json\/wp\/v2\/comments?post=6374"}],"version-history":[{"count":15,"href":"https:\/\/congresoiacard2026.org\/en\/wp-json\/wp\/v2\/pages\/6374\/revisions"}],"predecessor-version":[{"id":6871,"href":"https:\/\/congresoiacard2026.org\/en\/wp-json\/wp\/v2\/pages\/6374\/revisions\/6871"}],"wp:attachment":[{"href":"https:\/\/congresoiacard2026.org\/en\/wp-json\/wp\/v2\/media?parent=6374"}],"curies":[{"name":"wp","href":"https:\/\/api.w.org\/{rel}","templated":true}]}}