{"id":6367,"date":"2025-03-07T21:31:57","date_gmt":"2025-03-07T20:31:57","guid":{"rendered":"https:\/\/congresoiacard2026.org\/?page_id=6367"},"modified":"2025-03-18T21:52:49","modified_gmt":"2025-03-18T20:52:49","slug":"instrucciones-de-registro-iaca","status":"publish","type":"page","link":"https:\/\/congresoiacard2026.org\/en\/instrucciones-de-registro-iaca\/","title":{"rendered":"Instrucciones de registro a IACA"},"content":{"rendered":"\t\t<div data-elementor-type=\"wp-post\" data-elementor-id=\"6367\" class=\"elementor elementor-6367\">\n\t\t\t\t\t\t<section class=\"elementor-section elementor-top-section elementor-element elementor-element-b042413 elementor-section-boxed elementor-section-height-default elementor-section-height-default\" data-id=\"b042413\" data-element_type=\"section\">\n\t\t\t\t\t\t<div class=\"elementor-container elementor-column-gap-extended\">\n\t\t\t\t\t<div class=\"elementor-column elementor-col-100 elementor-top-column elementor-element elementor-element-96e548d sc_inner_width_none sc_content_align_inherit sc_layouts_column_icons_position_left\" data-id=\"96e548d\" data-element_type=\"column\">\n\t\t\t<div class=\"elementor-widget-wrap elementor-element-populated\">\n\t\t\t\t\t\t<div class=\"elementor-element elementor-element-350c3e6 animation_type_block sc_fly_static elementor-widget elementor-widget-heading\" data-id=\"350c3e6\" data-element_type=\"widget\" data-widget_type=\"heading.default\">\n\t\t\t\t<div class=\"elementor-widget-container\">\n\t\t\t\t\t<h2 class=\"elementor-heading-title elementor-size-default\">Instrucciones de registro al IACA<\/h2>\t\t\t\t<\/div>\n\t\t\t\t<\/div>\n\t\t\t\t\t<\/div>\n\t\t<\/div>\n\t\t\t\t\t<\/div>\n\t\t<\/section>\n\t\t\t\t<section class=\"elementor-section elementor-top-section elementor-element elementor-element-f4756dc elementor-section-boxed elementor-section-height-default elementor-section-height-default\" data-id=\"f4756dc\" data-element_type=\"section\">\n\t\t\t\t\t\t<div class=\"elementor-container elementor-column-gap-extended\">\n\t\t\t\t\t<div class=\"elementor-column elementor-col-100 elementor-top-column elementor-element elementor-element-e026e1f sc_inner_width_none sc_content_align_inherit sc_layouts_column_icons_position_left\" data-id=\"e026e1f\" data-element_type=\"column\">\n\t\t\t<div class=\"elementor-widget-wrap elementor-element-populated\">\n\t\t\t\t\t\t<div class=\"elementor-element elementor-element-8c29b76 animation_type_block sc_fly_static elementor-widget elementor-widget-text-editor\" data-id=\"8c29b76\" data-element_type=\"widget\" data-widget_type=\"text-editor.default\">\n\t\t\t\t<div class=\"elementor-widget-container\">\n\t\t\t\t\t\t\t\t\t<strong>Solicitud de inscripci\u00f3n <em>2026-2028<\/em><\/strong>\n\nTodas las personas que apoyen, trabajen, estudien o est\u00e9n comprometidas con la preservaci\u00f3n y la promoci\u00f3n del patrimonio arqueol\u00f3gico en la amplia regi\u00f3n del Caribe, est\u00e1n invitados a convertirse en miembros de la Asociaci\u00f3n Internacional de Arqueolog\u00eda del Caribe, IACA.\n\n<strong>Ser miembro de la IACA le permite<\/strong>\n<ul>\n \t<li>Presentar ponencias en el Congreso Internacional bienal de Arqueolog\u00eda del Caribe.<\/li>\n \t<li>Participar en la Asamblea General de Miembros de IACA durante el Congreso, y colaborar en dar forma al futuro de esta organizaci\u00f3n.<\/li>\n \t<li>Presentarse para obtener un cargo en la Junta Ejecutiva o formar parte de los Comit\u00e9s de la citada Junta.<\/li>\n \t<li>Aprovechar las mejoras previstas en los servicios exclusivos para los miembros de la IACA, incluyendo un nuevo bolet\u00edn, una revista y los servicios exclusivos para miembros previstos para el nuevo sitio web de la IACA.<\/li>\n<\/ul>\nPor favor, tenga en cuenta: Si usted pag\u00f3 previamente una membres\u00eda durante o despu\u00e9s del Congreso de la IACA en Nevis en 2024, su membres\u00eda ha expirado, a menos que sea miembro vitalicio.\n\n<strong>PARA RENOVAR O HACERSE MIEMBRO DE IACA<\/strong> <strong>2026-2028<\/strong>\n\nExisten dos opciones para hacerse miembro de la IACA para 2026-2028:\n<ol>\n \t<li><strong>En el congreso de Santo Domingo:<\/strong> Pague su afiliaci\u00f3n en efectivo o con tarjeta de cr\u00e9dito en el Congreso. Habr\u00e1 un mostrador instalado en la sede para aceptar pagos de membres\u00eda durante todo el Congreso. Para ahorrar tiempo, le agradecer\u00edamos que rellenara el <a style=\"font-size: 18px; color: green;\" href=\"https:\/\/congresoiacard2026.org\/registro-iaca\/\"><strong>formulario de afiliaci\u00f3n<\/strong><\/a><span style=\"font-size: 14px;\"> y lo enviara por correo electr\u00f3nico a Neal Ferris, secretario de la IACA (nferris@uwo.ca) con antelaci\u00f3n. Si no le es posible, le rogamos que traiga consigo una copia del formulario cumplimentado.<\/span><\/li>\n<\/ol>\n<ol start=\"2\">\n \t<li><strong>Si no asiste al congreso de Santo Domingo<\/strong>: Por favor, rellene el <a style=\"font-size: 18px; color: green;\" href=\"https:\/\/congresoiacard2026.org\/registro-iaca\/\"><strong>formulario de afiliaci\u00f3n<\/strong><\/a> adjunto y env\u00edelo por correo electr\u00f3nico a Neal Ferris, el secretario de la IACA (nferris@uwo.ca), e indique que est\u00e1 de acuerdo en pagar la cuota de afiliaci\u00f3n. No env\u00ede el pago en este momento, ya que estamos revisando las opciones bancarias para la IACA. Usted seguir\u00e1 siendo considerado miembro de la IACA para 2024-2026.<\/li>\n<\/ol>\n<strong>IMPORTANTE:<\/strong> Para participar en la Asamblea General de miembros que decidir\u00e1 los lineamientos de la gesti\u00f3n de la IACA, por favor aseg\u00farese de haber enviado el formulario de membres\u00eda antes del viernes 10 de junio a las 12:00 PM.\n\nSi tiene alguna pregunta, por favor hable con un miembro de la Junta Directiva de la IACA en el Congreso (reconocible por el punto rojo en sus etiquetas de identificaci\u00f3n), o env\u00ede un correo electr\u00f3nico al secretario a <a href=\"mailto:nferris@uwo.ca\">nferris@uwo.ca, <\/a>o env\u00edenos sus comentarios a trav\u00e9s de nuestro <a href=\"\/contacto\">formulario de contacto<\/a>.\t\t\t\t\t\t\t\t<\/div>\n\t\t\t\t<\/div>\n\t\t\t\t\t<\/div>\n\t\t<\/div>\n\t\t\t\t\t<\/div>\n\t\t<\/section>\n\t\t\t\t<section class=\"elementor-section elementor-top-section elementor-element elementor-element-0b404a6 elementor-section-boxed elementor-section-height-default elementor-section-height-default\" data-id=\"0b404a6\" data-element_type=\"section\">\n\t\t\t\t\t\t<div class=\"elementor-container elementor-column-gap-extended\">\n\t\t\t\t\t<div class=\"elementor-column elementor-col-100 elementor-top-column elementor-element elementor-element-40206ce sc_inner_width_none sc_content_align_inherit sc_layouts_column_icons_position_left\" data-id=\"40206ce\" data-element_type=\"column\">\n\t\t\t<div class=\"elementor-widget-wrap elementor-element-populated\">\n\t\t\t\t\t\t<div class=\"elementor-element elementor-element-1a8011b sc_height_huge animation_type_block sc_fly_static elementor-widget elementor-widget-spacer\" data-id=\"1a8011b\" data-element_type=\"widget\" data-widget_type=\"spacer.default\">\n\t\t\t\t<div class=\"elementor-widget-container\">\n\t\t\t\t\t\t\t<div class=\"elementor-spacer\">\n\t\t\t<div class=\"elementor-spacer-inner\"><\/div>\n\t\t<\/div>\n\t\t\t\t\t\t<\/div>\n\t\t\t\t<\/div>\n\t\t\t\t\t<\/div>\n\t\t<\/div>\n\t\t\t\t\t<\/div>\n\t\t<\/section>\n\t\t\t\t<\/div>\n\t\t","protected":false},"excerpt":{"rendered":"<p>Instrucciones de registro al IACA Solicitud de inscripci\u00f3n 2026-2028 Todas las personas que apoyen, trabajen, estudien o est\u00e9n comprometidas con la preservaci\u00f3n y la promoci\u00f3n del patrimonio arqueol\u00f3gico en la amplia regi\u00f3n del Caribe, est\u00e1n invitados a convertirse en miembros de la Asociaci\u00f3n Internacional de&hellip;<\/p>\n","protected":false},"author":1,"featured_media":0,"parent":0,"menu_order":0,"comment_status":"closed","ping_status":"closed","template":"","meta":{"footnotes":""},"class_list":["post-6367","page","type-page","status-publish","hentry"],"_links":{"self":[{"href":"https:\/\/congresoiacard2026.org\/en\/wp-json\/wp\/v2\/pages\/6367","targetHints":{"allow":["GET"]}}],"collection":[{"href":"https:\/\/congresoiacard2026.org\/en\/wp-json\/wp\/v2\/pages"}],"about":[{"href":"https:\/\/congresoiacard2026.org\/en\/wp-json\/wp\/v2\/types\/page"}],"author":[{"embeddable":true,"href":"https:\/\/congresoiacard2026.org\/en\/wp-json\/wp\/v2\/users\/1"}],"replies":[{"embeddable":true,"href":"https:\/\/congresoiacard2026.org\/en\/wp-json\/wp\/v2\/comments?post=6367"}],"version-history":[{"count":44,"href":"https:\/\/congresoiacard2026.org\/en\/wp-json\/wp\/v2\/pages\/6367\/revisions"}],"predecessor-version":[{"id":6702,"href":"https:\/\/congresoiacard2026.org\/en\/wp-json\/wp\/v2\/pages\/6367\/revisions\/6702"}],"wp:attachment":[{"href":"https:\/\/congresoiacard2026.org\/en\/wp-json\/wp\/v2\/media?parent=6367"}],"curies":[{"name":"wp","href":"https:\/\/api.w.org\/{rel}","templated":true}]}}